{"id":52,"date":"2026-02-17T07:05:35","date_gmt":"2026-02-17T07:05:35","guid":{"rendered":"https:\/\/starlingsbryghus.dk\/?page_id=52"},"modified":"2026-03-13T16:59:55","modified_gmt":"2026-03-13T16:59:55","slug":"52-2","status":"publish","type":"page","link":"https:\/\/starlingsbryghus.dk\/index.php\/52-2\/","title":{"rendered":"Brygningshistorien for Starlings Bryghus"},"content":{"rendered":"\n<div class=\"wp-block-columns is-layout-flex wp-container-core-columns-is-layout-28f84493 wp-block-columns-is-layout-flex\">\n<div class=\"wp-block-column is-layout-flow wp-block-column-is-layout-flow\" style=\"flex-basis:75%\">\n<ul style=\"border-width:5px;margin-right:0;margin-left:0\" class=\"wp-block-list\">\n<li class=\"has-large-font-size\">Double Amber ale &#8211; brygget 17. november 2019<\/li>\n\n\n\n<li class=\"has-large-font-size\">P\u00e5skebryg &#8211; &#8220;T\u00eate a T\u00eate&#8221; &#8211; brygget 12. januar 2020<\/li>\n\n\n\n<li class=\"has-large-font-size\">Black Matters &#8211; creamy Stout &#8211; brygget 9. maj 2020<\/li>\n\n\n\n<li>Festival IPA &#8211; Indian Pale Ale &#8211; brygget 18. oktober 2020<\/li>\n\n\n\n<li>Julebryg 2020 &#8211; Belgisk doubble &#8211; brygget 17. oktober 2020<\/li>\n\n\n\n<li>For\u00e5rs \u00f8l &#8211; Flower Power Wheat &#8211; Wheat &#8211; brygget 15. marts 2021<\/li>\n\n\n\n<li>Jule Bock &#8211; Bock &#8211; brygget 3. oktober 2021<\/li>\n\n\n\n<li>For\u00e5rs \u00f8l &#8211; hvede\u00f8l med hyldeblomst &#8211; brygget 4. december 2021<\/li>\n\n\n\n<li>Bis\u00e6ttelses \u00f8l &#8211; Irish Red Ale &#8211; brygget 15. januar 2022<\/li>\n\n\n\n<li>P\u00e5ske bryg 2022 &#8211; Irish Red Ale &#8211; brygget 15. januar 2022<\/li>\n\n\n\n<li>M\u00f8rk Hvede &#8211; Dunkelweisen &#8211; brygget 3. april 2022<\/li>\n\n\n\n<li>Sky Dance &#8211; Baltic Porter &#8211; brygget 11. juni 2022<\/li>\n\n\n\n<li>Julebryg 2022 &#8211; Modern Dark Lager &#8211; brygget 24. September 2022<\/li>\n\n\n\n<li>Liquorice Dance &#8211; Baltic Porter &#8211; brygget 06 november 2022<\/li>\n\n\n\n<li>M\u00f8rk sol over Helsinge &#8211; Porter &#8211; brygget 4. February 2023<\/li>\n\n\n\n<li>Brown Porter &#8211; Porter &#8211; brygget 9. januar 2023<\/li>\n\n\n\n<li>American Brownie &#8211; Amerikansk Brown Ale &#8211; brygget 11. february 2023<\/li>\n\n\n\n<li>Fruity Christmas &#8211; NEIPA fusion DDH &#8211; brygget 15. November 2023<\/li>\n\n\n\n<li>Kellerbier &#8211; M\u00e4rzen &#8211; brygget 26. december 2023<\/li>\n\n\n\n<li>Starlings P\u00e5skebryg 2024 &#8211; American Brown Ale &#8211; brygget 10. marts 2024<\/li>\n\n\n\n<li>Niks pille &#8211; Baltic Porter med lakrids &#8211; brygget 26. maj 2024<\/li>\n\n\n\n<li>Santas Candy &#8211; Bock &#8211; brygget 14. september 2024<\/li>\n\n\n\n<li>Dark Matter &#8211; Dbl. m\u00e6sket Imp. Stout &#8211; brygget 10. november 2024<\/li>\n\n\n\n<li>For\u00e5rsbryg 2025 &#8211; NEIPA &#8211; brygget 30. januar 2025<\/li>\n\n\n\n<li>Sturnus &#8220;Licorice Dance&#8221; &#8211; Baltic Porter med Lakrids &#8211; brygget 26. juli 2025<\/li>\n\n\n\n<li>Helles Festbier &#8211; German Helles Exportbier &#8211; brygget 22. november 2025<\/li>\n\n\n\n<li><a href=\"https:\/\/starlingsbryghus.dk\/index.php\/guinness-saan-ca-irish-stout\/\">Guinness s\u00e5&#8217;n cirka &#8211; Irish Stout &#8211; brygget 17. januar 2026<\/a><\/li>\n<\/ul>\n<\/div>\n\n\n\n<div class=\"wp-block-column is-layout-flow wp-block-column-is-layout-flow\" style=\"flex-basis:25%\">\n<figure class=\"wp-block-image size-full is-resized\"><img loading=\"lazy\" decoding=\"async\" width=\"744\" height=\"894\" src=\"https:\/\/starlingsbryghus.dk\/wp-content\/uploads\/2026\/02\/Skaermbillede-2026-02-17-kl.-12.11.46-1.png\" alt=\"\" class=\"wp-image-62\" style=\"aspect-ratio:0.8322665853906329;object-fit:cover;width:206px;height:auto\" srcset=\"https:\/\/starlingsbryghus.dk\/wp-content\/uploads\/2026\/02\/Skaermbillede-2026-02-17-kl.-12.11.46-1.png 744w, https:\/\/starlingsbryghus.dk\/wp-content\/uploads\/2026\/02\/Skaermbillede-2026-02-17-kl.-12.11.46-1-250x300.png 250w\" sizes=\"auto, (max-width: 744px) 100vw, 744px\" \/><\/figure>\n\n\n\n<figure class=\"wp-block-image size-full is-resized\"><img loading=\"lazy\" decoding=\"async\" width=\"736\" height=\"894\" src=\"https:\/\/starlingsbryghus.dk\/wp-content\/uploads\/2026\/02\/Skaermbillede-2026-02-17-kl.-12.13.15-1.png\" alt=\"\" class=\"wp-image-63\" style=\"aspect-ratio:0.8233115680732872;width:207px;height:auto\" srcset=\"https:\/\/starlingsbryghus.dk\/wp-content\/uploads\/2026\/02\/Skaermbillede-2026-02-17-kl.-12.13.15-1.png 736w, https:\/\/starlingsbryghus.dk\/wp-content\/uploads\/2026\/02\/Skaermbillede-2026-02-17-kl.-12.13.15-1-247x300.png 247w\" sizes=\"auto, (max-width: 736px) 100vw, 736px\" \/><\/figure>\n\n\n\n<figure class=\"wp-block-image size-full is-resized\"><img loading=\"lazy\" decoding=\"async\" width=\"662\" height=\"840\" src=\"https:\/\/starlingsbryghus.dk\/wp-content\/uploads\/2026\/02\/Skaermbillede-2026-02-17-kl.-12.14.01.png\" alt=\"\" class=\"wp-image-65\" style=\"width:207px;height:auto\" srcset=\"https:\/\/starlingsbryghus.dk\/wp-content\/uploads\/2026\/02\/Skaermbillede-2026-02-17-kl.-12.14.01.png 662w, https:\/\/starlingsbryghus.dk\/wp-content\/uploads\/2026\/02\/Skaermbillede-2026-02-17-kl.-12.14.01-236x300.png 236w\" sizes=\"auto, (max-width: 662px) 100vw, 662px\" \/><\/figure>\n\n\n\n<figure class=\"wp-block-image size-full is-resized\"><img loading=\"lazy\" decoding=\"async\" width=\"724\" height=\"906\" src=\"https:\/\/starlingsbryghus.dk\/wp-content\/uploads\/2026\/02\/Skaermbillede-2026-02-17-kl.-12.15.07.png\" alt=\"\" class=\"wp-image-66\" style=\"aspect-ratio:0.7991524141062509;width:213px;height:auto\" srcset=\"https:\/\/starlingsbryghus.dk\/wp-content\/uploads\/2026\/02\/Skaermbillede-2026-02-17-kl.-12.15.07.png 724w, https:\/\/starlingsbryghus.dk\/wp-content\/uploads\/2026\/02\/Skaermbillede-2026-02-17-kl.-12.15.07-240x300.png 240w\" sizes=\"auto, (max-width: 724px) 100vw, 724px\" \/><\/figure>\n\n\n\n<figure class=\"wp-block-image size-full is-resized\"><img loading=\"lazy\" decoding=\"async\" width=\"652\" height=\"830\" src=\"https:\/\/starlingsbryghus.dk\/wp-content\/uploads\/2026\/02\/Skaermbillede-2026-02-17-kl.-12.15.33.png\" alt=\"\" class=\"wp-image-67\" style=\"aspect-ratio:0.7855433616635036;width:218px;height:auto\" srcset=\"https:\/\/starlingsbryghus.dk\/wp-content\/uploads\/2026\/02\/Skaermbillede-2026-02-17-kl.-12.15.33.png 652w, https:\/\/starlingsbryghus.dk\/wp-content\/uploads\/2026\/02\/Skaermbillede-2026-02-17-kl.-12.15.33-236x300.png 236w\" sizes=\"auto, (max-width: 652px) 100vw, 652px\" \/><\/figure>\n\n\n\n<figure class=\"wp-block-image size-full is-resized\"><img loading=\"lazy\" decoding=\"async\" width=\"728\" height=\"896\" src=\"https:\/\/starlingsbryghus.dk\/wp-content\/uploads\/2026\/02\/Skaermbillede-2026-02-17-kl.-12.15.56.png\" alt=\"\" class=\"wp-image-68\" style=\"aspect-ratio:0.8125293389664149;width:224px;height:auto\" srcset=\"https:\/\/starlingsbryghus.dk\/wp-content\/uploads\/2026\/02\/Skaermbillede-2026-02-17-kl.-12.15.56.png 728w, https:\/\/starlingsbryghus.dk\/wp-content\/uploads\/2026\/02\/Skaermbillede-2026-02-17-kl.-12.15.56-244x300.png 244w\" sizes=\"auto, (max-width: 728px) 100vw, 728px\" \/><\/figure>\n\n\n\n<figure class=\"wp-block-image size-full is-resized\"><img loading=\"lazy\" decoding=\"async\" width=\"728\" height=\"896\" src=\"https:\/\/starlingsbryghus.dk\/wp-content\/uploads\/2026\/02\/Skaermbillede-2026-02-17-kl.-12.16.22.png\" alt=\"\" class=\"wp-image-69\" style=\"aspect-ratio:0.8125293389664149;width:226px;height:auto\" srcset=\"https:\/\/starlingsbryghus.dk\/wp-content\/uploads\/2026\/02\/Skaermbillede-2026-02-17-kl.-12.16.22.png 728w, https:\/\/starlingsbryghus.dk\/wp-content\/uploads\/2026\/02\/Skaermbillede-2026-02-17-kl.-12.16.22-244x300.png 244w\" sizes=\"auto, (max-width: 728px) 100vw, 728px\" \/><\/figure>\n\n\n\n<figure class=\"wp-block-image size-full is-resized\"><img loading=\"lazy\" decoding=\"async\" width=\"728\" height=\"896\" src=\"https:\/\/starlingsbryghus.dk\/wp-content\/uploads\/2026\/02\/Skaermbillede-2026-02-17-kl.-12.16.44.png\" alt=\"\" class=\"wp-image-70\" style=\"aspect-ratio:0.8125293389664149;width:232px;height:auto\" srcset=\"https:\/\/starlingsbryghus.dk\/wp-content\/uploads\/2026\/02\/Skaermbillede-2026-02-17-kl.-12.16.44.png 728w, https:\/\/starlingsbryghus.dk\/wp-content\/uploads\/2026\/02\/Skaermbillede-2026-02-17-kl.-12.16.44-244x300.png 244w\" sizes=\"auto, (max-width: 728px) 100vw, 728px\" \/><\/figure>\n\n\n\n<figure class=\"wp-block-image size-full is-resized\"><img loading=\"lazy\" decoding=\"async\" width=\"728\" height=\"896\" src=\"https:\/\/starlingsbryghus.dk\/wp-content\/uploads\/2026\/02\/Skaermbillede-2026-02-17-kl.-12.17.02.png\" alt=\"\" class=\"wp-image-71\" style=\"aspect-ratio:0.8125293389664149;width:236px;height:auto\" srcset=\"https:\/\/starlingsbryghus.dk\/wp-content\/uploads\/2026\/02\/Skaermbillede-2026-02-17-kl.-12.17.02.png 728w, https:\/\/starlingsbryghus.dk\/wp-content\/uploads\/2026\/02\/Skaermbillede-2026-02-17-kl.-12.17.02-244x300.png 244w\" sizes=\"auto, (max-width: 728px) 100vw, 728px\" \/><\/figure>\n\n\n\n<figure class=\"wp-block-image size-full is-resized\"><img loading=\"lazy\" decoding=\"async\" width=\"728\" height=\"704\" src=\"https:\/\/starlingsbryghus.dk\/wp-content\/uploads\/2026\/02\/Skaermbillede-2026-02-17-kl.-12.17.19.png\" alt=\"\" class=\"wp-image-72\" style=\"aspect-ratio:1.034108190310667;width:241px;height:auto\" srcset=\"https:\/\/starlingsbryghus.dk\/wp-content\/uploads\/2026\/02\/Skaermbillede-2026-02-17-kl.-12.17.19.png 728w, https:\/\/starlingsbryghus.dk\/wp-content\/uploads\/2026\/02\/Skaermbillede-2026-02-17-kl.-12.17.19-300x290.png 300w\" sizes=\"auto, (max-width: 728px) 100vw, 728px\" \/><\/figure>\n\n\n\n<figure class=\"wp-block-image size-full is-resized\"><img loading=\"lazy\" decoding=\"async\" width=\"728\" height=\"704\" src=\"https:\/\/starlingsbryghus.dk\/wp-content\/uploads\/2026\/02\/Skaermbillede-2026-02-17-kl.-12.17.35.png\" alt=\"\" class=\"wp-image-73\" style=\"aspect-ratio:1.034108190310667;width:246px;height:auto\" srcset=\"https:\/\/starlingsbryghus.dk\/wp-content\/uploads\/2026\/02\/Skaermbillede-2026-02-17-kl.-12.17.35.png 728w, https:\/\/starlingsbryghus.dk\/wp-content\/uploads\/2026\/02\/Skaermbillede-2026-02-17-kl.-12.17.35-300x290.png 300w\" sizes=\"auto, (max-width: 728px) 100vw, 728px\" \/><\/figure>\n\n\n\n<figure class=\"wp-block-image size-full is-resized\"><img loading=\"lazy\" decoding=\"async\" width=\"728\" height=\"704\" src=\"https:\/\/starlingsbryghus.dk\/wp-content\/uploads\/2026\/02\/Skaermbillede-2026-02-17-kl.-12.17.49.png\" alt=\"\" class=\"wp-image-74\" style=\"aspect-ratio:1.034108190310667;width:249px;height:auto\" srcset=\"https:\/\/starlingsbryghus.dk\/wp-content\/uploads\/2026\/02\/Skaermbillede-2026-02-17-kl.-12.17.49.png 728w, https:\/\/starlingsbryghus.dk\/wp-content\/uploads\/2026\/02\/Skaermbillede-2026-02-17-kl.-12.17.49-300x290.png 300w\" sizes=\"auto, (max-width: 728px) 100vw, 728px\" \/><\/figure>\n\n\n\n<figure class=\"wp-block-image size-full is-resized\"><img loading=\"lazy\" decoding=\"async\" width=\"728\" height=\"704\" src=\"https:\/\/starlingsbryghus.dk\/wp-content\/uploads\/2026\/02\/Skaermbillede-2026-02-17-kl.-12.18.08.png\" alt=\"\" class=\"wp-image-75\" style=\"aspect-ratio:1.034108190310667;width:249px;height:auto\" srcset=\"https:\/\/starlingsbryghus.dk\/wp-content\/uploads\/2026\/02\/Skaermbillede-2026-02-17-kl.-12.18.08.png 728w, https:\/\/starlingsbryghus.dk\/wp-content\/uploads\/2026\/02\/Skaermbillede-2026-02-17-kl.-12.18.08-300x290.png 300w\" sizes=\"auto, (max-width: 728px) 100vw, 728px\" \/><\/figure>\n\n\n\n<figure class=\"wp-block-image size-full is-resized\"><img loading=\"lazy\" decoding=\"async\" width=\"728\" height=\"704\" src=\"https:\/\/starlingsbryghus.dk\/wp-content\/uploads\/2026\/02\/Skaermbillede-2026-02-17-kl.-12.18.50.png\" alt=\"\" class=\"wp-image-76\" style=\"aspect-ratio:1.034108190310667;width:251px;height:auto\" srcset=\"https:\/\/starlingsbryghus.dk\/wp-content\/uploads\/2026\/02\/Skaermbillede-2026-02-17-kl.-12.18.50.png 728w, https:\/\/starlingsbryghus.dk\/wp-content\/uploads\/2026\/02\/Skaermbillede-2026-02-17-kl.-12.18.50-300x290.png 300w\" sizes=\"auto, (max-width: 728px) 100vw, 728px\" \/><\/figure>\n\n\n\n<figure class=\"wp-block-image size-full is-resized\"><img loading=\"lazy\" decoding=\"async\" width=\"728\" height=\"704\" src=\"https:\/\/starlingsbryghus.dk\/wp-content\/uploads\/2026\/02\/Skaermbillede-2026-02-17-kl.-12.19.06.png\" alt=\"\" class=\"wp-image-77\" style=\"aspect-ratio:1.034108190310667;width:254px;height:auto\" srcset=\"https:\/\/starlingsbryghus.dk\/wp-content\/uploads\/2026\/02\/Skaermbillede-2026-02-17-kl.-12.19.06.png 728w, https:\/\/starlingsbryghus.dk\/wp-content\/uploads\/2026\/02\/Skaermbillede-2026-02-17-kl.-12.19.06-300x290.png 300w\" sizes=\"auto, (max-width: 728px) 100vw, 728px\" \/><\/figure>\n\n\n\n<figure class=\"wp-block-image size-full is-resized\"><img loading=\"lazy\" decoding=\"async\" width=\"728\" height=\"704\" src=\"https:\/\/starlingsbryghus.dk\/wp-content\/uploads\/2026\/02\/Skaermbillede-2026-02-17-kl.-12.19.22.png\" alt=\"\" class=\"wp-image-78\" style=\"aspect-ratio:1.034108190310667;width:255px;height:auto\" srcset=\"https:\/\/starlingsbryghus.dk\/wp-content\/uploads\/2026\/02\/Skaermbillede-2026-02-17-kl.-12.19.22.png 728w, https:\/\/starlingsbryghus.dk\/wp-content\/uploads\/2026\/02\/Skaermbillede-2026-02-17-kl.-12.19.22-300x290.png 300w\" sizes=\"auto, (max-width: 728px) 100vw, 728px\" \/><\/figure>\n\n\n\n<figure class=\"wp-block-image size-full is-resized\"><img loading=\"lazy\" decoding=\"async\" width=\"728\" height=\"704\" src=\"https:\/\/starlingsbryghus.dk\/wp-content\/uploads\/2026\/02\/Skaermbillede-2026-02-17-kl.-12.19.36.png\" alt=\"\" class=\"wp-image-79\" style=\"aspect-ratio:1.034108190310667;width:257px;height:auto\" srcset=\"https:\/\/starlingsbryghus.dk\/wp-content\/uploads\/2026\/02\/Skaermbillede-2026-02-17-kl.-12.19.36.png 728w, https:\/\/starlingsbryghus.dk\/wp-content\/uploads\/2026\/02\/Skaermbillede-2026-02-17-kl.-12.19.36-300x290.png 300w\" sizes=\"auto, (max-width: 728px) 100vw, 728px\" \/><\/figure>\n\n\n\n<figure class=\"wp-block-image size-full is-resized\"><img loading=\"lazy\" decoding=\"async\" width=\"728\" height=\"704\" src=\"https:\/\/starlingsbryghus.dk\/wp-content\/uploads\/2026\/02\/Skaermbillede-2026-02-17-kl.-12.19.49.png\" alt=\"\" class=\"wp-image-80\" style=\"aspect-ratio:1.034108190310667;width:260px;height:auto\" srcset=\"https:\/\/starlingsbryghus.dk\/wp-content\/uploads\/2026\/02\/Skaermbillede-2026-02-17-kl.-12.19.49.png 728w, https:\/\/starlingsbryghus.dk\/wp-content\/uploads\/2026\/02\/Skaermbillede-2026-02-17-kl.-12.19.49-300x290.png 300w\" sizes=\"auto, (max-width: 728px) 100vw, 728px\" \/><\/figure>\n\n\n\n<figure class=\"wp-block-image size-full is-resized\"><img loading=\"lazy\" decoding=\"async\" width=\"728\" height=\"704\" src=\"https:\/\/starlingsbryghus.dk\/wp-content\/uploads\/2026\/02\/Skaermbillede-2026-02-17-kl.-12.20.03.png\" alt=\"\" class=\"wp-image-81\" style=\"aspect-ratio:1.034108190310667;width:263px;height:auto\" srcset=\"https:\/\/starlingsbryghus.dk\/wp-content\/uploads\/2026\/02\/Skaermbillede-2026-02-17-kl.-12.20.03.png 728w, https:\/\/starlingsbryghus.dk\/wp-content\/uploads\/2026\/02\/Skaermbillede-2026-02-17-kl.-12.20.03-300x290.png 300w\" sizes=\"auto, (max-width: 728px) 100vw, 728px\" \/><\/figure>\n\n\n\n<figure class=\"wp-block-image size-full is-resized\"><img loading=\"lazy\" decoding=\"async\" width=\"728\" height=\"704\" src=\"https:\/\/starlingsbryghus.dk\/wp-content\/uploads\/2026\/02\/Skaermbillede-2026-02-17-kl.-12.20.17.png\" alt=\"\" class=\"wp-image-82\" style=\"aspect-ratio:1.034108190310667;width:266px;height:auto\" srcset=\"https:\/\/starlingsbryghus.dk\/wp-content\/uploads\/2026\/02\/Skaermbillede-2026-02-17-kl.-12.20.17.png 728w, https:\/\/starlingsbryghus.dk\/wp-content\/uploads\/2026\/02\/Skaermbillede-2026-02-17-kl.-12.20.17-300x290.png 300w\" sizes=\"auto, (max-width: 728px) 100vw, 728px\" \/><\/figure>\n\n\n\n<figure class=\"wp-block-image size-full is-resized\"><img loading=\"lazy\" decoding=\"async\" width=\"722\" height=\"704\" src=\"https:\/\/starlingsbryghus.dk\/wp-content\/uploads\/2026\/02\/Skaermbillede-2026-02-17-kl.-12.20.44.png\" alt=\"\" class=\"wp-image-83\" style=\"aspect-ratio:1.0255857796929706;width:267px;height:auto\" srcset=\"https:\/\/starlingsbryghus.dk\/wp-content\/uploads\/2026\/02\/Skaermbillede-2026-02-17-kl.-12.20.44.png 722w, https:\/\/starlingsbryghus.dk\/wp-content\/uploads\/2026\/02\/Skaermbillede-2026-02-17-kl.-12.20.44-300x293.png 300w\" sizes=\"auto, (max-width: 722px) 100vw, 722px\" \/><\/figure>\n\n\n\n<figure class=\"wp-block-image size-full is-resized\"><img loading=\"lazy\" decoding=\"async\" width=\"722\" height=\"898\" src=\"https:\/\/starlingsbryghus.dk\/wp-content\/uploads\/2026\/02\/Skaermbillede-2026-02-17-kl.-12.21.01.png\" alt=\"\" class=\"wp-image-84\" style=\"aspect-ratio:0.8040201005025126;width:273px;height:auto\" srcset=\"https:\/\/starlingsbryghus.dk\/wp-content\/uploads\/2026\/02\/Skaermbillede-2026-02-17-kl.-12.21.01.png 722w, https:\/\/starlingsbryghus.dk\/wp-content\/uploads\/2026\/02\/Skaermbillede-2026-02-17-kl.-12.21.01-241x300.png 241w\" sizes=\"auto, (max-width: 722px) 100vw, 722px\" \/><\/figure>\n\n\n\n<figure class=\"wp-block-image size-full is-resized\"><img loading=\"lazy\" decoding=\"async\" width=\"830\" height=\"1010\" src=\"https:\/\/starlingsbryghus.dk\/wp-content\/uploads\/2026\/02\/Skaermbillede-2026-02-17-kl.-12.23.18.png\" alt=\"\" class=\"wp-image-85\" style=\"aspect-ratio:0.8217877336095645;width:273px;height:auto\" srcset=\"https:\/\/starlingsbryghus.dk\/wp-content\/uploads\/2026\/02\/Skaermbillede-2026-02-17-kl.-12.23.18.png 830w, https:\/\/starlingsbryghus.dk\/wp-content\/uploads\/2026\/02\/Skaermbillede-2026-02-17-kl.-12.23.18-247x300.png 247w, https:\/\/starlingsbryghus.dk\/wp-content\/uploads\/2026\/02\/Skaermbillede-2026-02-17-kl.-12.23.18-768x935.png 768w\" sizes=\"auto, (max-width: 830px) 100vw, 830px\" \/><\/figure>\n\n\n\n<figure class=\"wp-block-image size-full is-resized\"><a href=\"https:\/\/starlingsbryghus.dk\/index.php\/guinness-saan-ca-irish-stout\/\"><img loading=\"lazy\" decoding=\"async\" width=\"836\" height=\"1020\" src=\"https:\/\/starlingsbryghus.dk\/wp-content\/uploads\/2026\/02\/Skaermbillede-2026-02-17-kl.-12.22.09.png\" alt=\"\" class=\"wp-image-86\" style=\"aspect-ratio:0.8196297890658631;width:278px;height:auto\" srcset=\"https:\/\/starlingsbryghus.dk\/wp-content\/uploads\/2026\/02\/Skaermbillede-2026-02-17-kl.-12.22.09.png 836w, https:\/\/starlingsbryghus.dk\/wp-content\/uploads\/2026\/02\/Skaermbillede-2026-02-17-kl.-12.22.09-246x300.png 246w, https:\/\/starlingsbryghus.dk\/wp-content\/uploads\/2026\/02\/Skaermbillede-2026-02-17-kl.-12.22.09-768x937.png 768w\" sizes=\"auto, (max-width: 836px) 100vw, 836px\" \/><\/a><\/figure>\n<\/div>\n<\/div>\n\n\n\n<div class=\"wp-block-group is-nowrap is-layout-flex wp-container-core-group-is-layout-6c531013 wp-block-group-is-layout-flex\">\n<div class=\"wp-block-column is-layout-flow wp-block-column-is-layout-flow\" style=\"flex-basis:50%\"><\/div>\n<\/div>\n\n\n\n<div class=\"wp-block-group is-nowrap is-layout-flex wp-container-core-group-is-layout-6c531013 wp-block-group-is-layout-flex\">\n<p class=\"has-text-align-left\"><\/p>\n<\/div>\n\n\n\n<p><\/p>\n\n\n\n<p><\/p>\n\n\n\n<div class=\"wp-block-group is-content-justification-space-between is-nowrap is-layout-flex wp-container-core-group-is-layout-cb46ffcb wp-block-group-is-layout-flex\">\n<div class=\"wp-block-group alignwide is-nowrap is-layout-flex wp-container-core-group-is-layout-6c531013 wp-block-group-is-layout-flex\"><\/div>\n<\/div>\n\n\n\n<p><\/p>\n","protected":false},"excerpt":{"rendered":"","protected":false},"author":1,"featured_media":20,"parent":0,"menu_order":0,"comment_status":"closed","ping_status":"closed","template":"","meta":{"footnotes":""},"class_list":["post-52","page","type-page","status-publish","has-post-thumbnail","hentry"],"_links":{"self":[{"href":"https:\/\/starlingsbryghus.dk\/index.php\/wp-json\/wp\/v2\/pages\/52","targetHints":{"allow":["GET"]}}],"collection":[{"href":"https:\/\/starlingsbryghus.dk\/index.php\/wp-json\/wp\/v2\/pages"}],"about":[{"href":"https:\/\/starlingsbryghus.dk\/index.php\/wp-json\/wp\/v2\/types\/page"}],"author":[{"embeddable":true,"href":"https:\/\/starlingsbryghus.dk\/index.php\/wp-json\/wp\/v2\/users\/1"}],"replies":[{"embeddable":true,"href":"https:\/\/starlingsbryghus.dk\/index.php\/wp-json\/wp\/v2\/comments?post=52"}],"version-history":[{"count":7,"href":"https:\/\/starlingsbryghus.dk\/index.php\/wp-json\/wp\/v2\/pages\/52\/revisions"}],"predecessor-version":[{"id":112,"href":"https:\/\/starlingsbryghus.dk\/index.php\/wp-json\/wp\/v2\/pages\/52\/revisions\/112"}],"wp:featuredmedia":[{"embeddable":true,"href":"https:\/\/starlingsbryghus.dk\/index.php\/wp-json\/wp\/v2\/media\/20"}],"wp:attachment":[{"href":"https:\/\/starlingsbryghus.dk\/index.php\/wp-json\/wp\/v2\/media?parent=52"}],"curies":[{"name":"wp","href":"https:\/\/api.w.org\/{rel}","templated":true}]}}