{"id":3,"date":"2026-02-14T15:41:00","date_gmt":"2026-02-14T15:41:00","guid":{"rendered":"https:\/\/starlingsbryghus.dk\/?page_id=3"},"modified":"2026-02-17T18:22:37","modified_gmt":"2026-02-17T18:22:37","slug":"privacy-policy","status":"publish","type":"page","link":"https:\/\/starlingsbryghus.dk\/index.php\/privacy-policy\/","title":{"rendered":"Privacy Policy"},"content":{"rendered":"\n<h2 class=\"wp-block-heading\">Hvem er vi<\/h2>\n\n\n\n<p>Vores webstedsadresse er: https:\/\/starlingsbryghus.dk.<\/p>\n\n\n\n<h2 class=\"wp-block-heading\">Kommentarer<\/h2>\n\n\n\n<p>N\u00e5r bes\u00f8gende skriver kommentarer p\u00e5 webstedet, indsamler vi de data, som vises i kommentarformularen, og ogs\u00e5 den bes\u00f8gendes IP-adresse og browserens user agent string for at hj\u00e6lpe med at opdage spam.<\/p>\n\n\n\n<p>En anonymiseret streng som er oprettet ud fra din e-mailadresse (ogs\u00e5 kaldet et hash), kan leveres til Gravatar tjenesten for at se om du bruger denne. Gravatar tjenestens privatlivspolitik er tilg\u00e6ngelig her: https:\/\/automattic.com\/privacy\/. Efter godkendelse af din kommentar, vil dit profilbillede v\u00e6re synligt for offentligheden sammen med din kommentar.<\/p>\n\n\n\n<h2 class=\"wp-block-heading\">Medier<\/h2>\n\n\n\n<p>Hvis du uploader billeder til webstedet, s\u00e5 b\u00f8r du undlade at uploade billeder med indlejrede lokalitetsdata (EXIF GPS) inkluderet. Bes\u00f8gende p\u00e5 webstedet kan downloade og udtr\u00e6kke alle lokalitetsdata fra billeder p\u00e5 webstedet.<\/p>\n\n\n\n<h2 class=\"wp-block-heading\">Cookies<\/h2>\n\n\n\n<p>Hvis du skriver en kommentar p\u00e5 vores websted, kan du v\u00e6lge at gemme dit navn, e-mailadresse og websted i cookies. Disse er til din bekvemmeligehed, s\u00e5 du ikke skal udfylde dine oplysninger igen, n\u00e5r du skriver endnu en kommentar. Disse cookies vil holde i et \u00e5r.<\/p>\n\n\n\n<p>Hvis du bes\u00f8ger vores loginside, opretter vi en midlertidig cookie for at afg\u00f8re om din browser accepterer cookies. Denne cookie indeholder ingen personlige data og slettes, n\u00e5r du lukker din browser.<\/p>\n\n\n\n<p>N\u00e5r du logger ind, vil vi ops\u00e6tte en r\u00e6kke cookies og gemme din logininformation og dine valg af sk\u00e6rmvisning. Login cookies holder i to dage, og sk\u00e6rmvalg cookies holder i et \u00e5r. Hvis du v\u00e6lger &#8220;Husk mig&#8221;, vil dit login holde i to uger. Hvis du logger ud af din konto, vil login cookierne forsvinde.<\/p>\n\n\n\n<p>Hvis du redigerer eller udgiver en artikel, vil en yderligere cookie blive gemt i din browser. Denne cookie indeholder ikke nogle personlige data og opgiver simpelthen indl\u00e6gsID p\u00e5 den artikel, du lige har redigeret. Den udl\u00f8ber efter 1 dag.<\/p>\n\n\n\n<h2 class=\"wp-block-heading\">Indlejret indhold fra andre websteder<\/h2>\n\n\n\n<p>Artikler p\u00e5 dette websted kan indeholde indlejret indhold (f.eks. videoer, billeder, artikler osv.). Indlejret indhold fra andre websteder opf\u00f8rer sig p\u00e5 n\u00f8jagtig samme m\u00e5de, som hvis den bes\u00f8gende har bes\u00f8gt det andet websted.<\/p>\n\n\n\n<p>Disse websteder indsamler m\u00e5ske data om dig, bruger cookies, indlejrer ekstra tredjeparts sporing, og overv\u00e5ger din interaktion med dette indlejrede indhold, heriblandt at spore din interaktion med indlejret indhold, hvis du har en konto og en logget ind p\u00e5 det websted.<\/p>\n\n\n\n<h2 class=\"wp-block-heading\">Hvem vi deler dine data med<\/h2>\n\n\n\n<p>Hvis du anmoder om en nulstilling af adgangskoden, medtages din IP-adresse i e-mailen med nustillingen.<\/p>\n\n\n\n<h2 class=\"wp-block-heading\">Hvor l\u00e6nge vi gemmer dine data<\/h2>\n\n\n\n<p>Hvis du skriver en kommentar, s\u00e5 bliver kommentarer og dens metadata bevaret p\u00e5 ubestemt tid. Dette er s\u00e5 vi kan genkende og godkende enhver opf\u00f8lgende kommentar automatisk i stedet for at have dem i en moderationsk\u00f8.<\/p>\n\n\n\n<p>For brugere som opretter sig p\u00e5 vores websted (om nogen), gemmer vi ogs\u00e5 den personlige information de giver til deres brugerprofil. Alle brugere kan se, redigere, eller slette deres personlige information til enhver tid (med den undtagelse at de ikke kan \u00e6ndre deres brugernavn). Webstedets administratorer kan ogs\u00e5 se og redigere den information.<\/p>\n\n\n\n<h2 class=\"wp-block-heading\">Hvilke rettigheder har du over dine data<\/h2>\n\n\n\n<p>Hvis du har en konto p\u00e5 dette websted, eller har skrevet kommentarer, kan du bede om en eksporteret fil med de personlige data vi har liggende om dig, heriblandt alt data, du har givet os. Du kan ogs\u00e5 bede om, at vi sletter alle personlige data, vi har om dig. Dette indbefatter ikke nogen form for data, som vi er forpligtede til at gemme af administrative, lovm\u00e6ssige eller sikkerhedsm\u00e6ssige grunde.<\/p>\n\n\n\n<h2 class=\"wp-block-heading\">Hvor dine data sendes hen<\/h2>\n\n\n\n<p>Bes\u00f8gendes kommentarer kan muligvis blive kontrolleret af en automatisk spam-genkendelse tjeneste.<\/p>\n\n\n\n<h2 class=\"wp-block-heading\">Who we are<\/h2>\n\n\n\n<p><strong class=\"privacy-policy-tutorial\">Suggested text: <\/strong>Our website address is: https:\/\/starlingsbryghus.dk.<\/p>\n\n\n\n<h2 class=\"wp-block-heading\">Comments<\/h2>\n\n\n\n<p><strong class=\"privacy-policy-tutorial\">Suggested text: <\/strong>When visitors leave comments on the site we collect the data shown in the comments form, and also the visitor\u2019s IP address and browser user agent string to help spam detection.<\/p>\n\n\n\n<p>An anonymized string created from your email address (also called a hash) may be provided to the Gravatar service to see if you are using it. The Gravatar service privacy policy is available here: https:\/\/automattic.com\/privacy\/. After approval of your comment, your profile picture is visible to the public in the context of your comment.<\/p>\n\n\n\n<h2 class=\"wp-block-heading\">Media<\/h2>\n\n\n\n<p><strong class=\"privacy-policy-tutorial\">Suggested text: <\/strong>If you upload images to the website, you should avoid uploading images with embedded location data (EXIF GPS) included. Visitors to the website can download and extract any location data from images on the website.<\/p>\n\n\n\n<h2 class=\"wp-block-heading\">Cookies<\/h2>\n\n\n\n<p><strong class=\"privacy-policy-tutorial\">Suggested text: <\/strong>If you leave a comment on our site you may opt-in to saving your name, email address and website in cookies. These are for your convenience so that you do not have to fill in your details again when you leave another comment. These cookies will last for one year.<\/p>\n\n\n\n<p>If you visit our login page, we will set a temporary cookie to determine if your browser accepts cookies. This cookie contains no personal data and is discarded when you close your browser.<\/p>\n\n\n\n<p>When you log in, we will also set up several cookies to save your login information and your screen display choices. Login cookies last for two days, and screen options cookies last for a year. If you select &#8220;Remember Me&#8221;, your login will persist for two weeks. If you log out of your account, the login cookies will be removed.<\/p>\n\n\n\n<p>If you edit or publish an article, an additional cookie will be saved in your browser. This cookie includes no personal data and simply indicates the post ID of the article you just edited. It expires after 1 day.<\/p>\n\n\n\n<h2 class=\"wp-block-heading\">Embedded content from other websites<\/h2>\n\n\n\n<p><strong class=\"privacy-policy-tutorial\">Suggested text: <\/strong>Articles on this site may include embedded content (e.g. videos, images, articles, etc.). Embedded content from other websites behaves in the exact same way as if the visitor has visited the other website.<\/p>\n\n\n\n<p>These websites may collect data about you, use cookies, embed additional third-party tracking, and monitor your interaction with that embedded content, including tracking your interaction with the embedded content if you have an account and are logged in to that website.<\/p>\n\n\n\n<h2 class=\"wp-block-heading\">Who we share your data with<\/h2>\n\n\n\n<p><strong class=\"privacy-policy-tutorial\">Suggested text: <\/strong>If you request a password reset, your IP address will be included in the reset email.<\/p>\n\n\n\n<h2 class=\"wp-block-heading\">How long we retain your data<\/h2>\n\n\n\n<p><strong class=\"privacy-policy-tutorial\">Suggested text: <\/strong>If you leave a comment, the comment and its metadata are retained indefinitely. This is so we can recognize and approve any follow-up comments automatically instead of holding them in a moderation queue.<\/p>\n\n\n\n<p>For users that register on our website (if any), we also store the personal information they provide in their user profile. All users can see, edit, or delete their personal information at any time (except they cannot change their username). Website administrators can also see and edit that information.<\/p>\n\n\n\n<h2 class=\"wp-block-heading\">What rights you have over your data<\/h2>\n\n\n\n<p><strong class=\"privacy-policy-tutorial\">Suggested text: <\/strong>If you have an account on this site, or have left comments, you can request to receive an exported file of the personal data we hold about you, including any data you have provided to us. You can also request that we erase any personal data we hold about you. This does not include any data we are obliged to keep for administrative, legal, or security purposes.<\/p>\n\n\n\n<h2 class=\"wp-block-heading\">Where your data is sent<\/h2>\n\n\n\n<p><strong class=\"privacy-policy-tutorial\">Suggested text: <\/strong>Visitor comments may be checked through an automated spam detection service.<\/p>\n","protected":false},"excerpt":{"rendered":"<p>Hvem er vi Vores webstedsadresse er: https:\/\/starlingsbryghus.dk. Kommentarer N\u00e5r bes\u00f8gende skriver kommentarer p\u00e5 webstedet, indsamler vi de data, som vises i kommentarformularen, og ogs\u00e5 den bes\u00f8gendes IP-adresse og browserens user agent string for at hj\u00e6lpe med at opdage spam. En anonymiseret streng som er oprettet ud fra din e-mailadresse (ogs\u00e5 kaldet et hash), kan leveres [&hellip;]<\/p>\n","protected":false},"author":1,"featured_media":0,"parent":0,"menu_order":0,"comment_status":"closed","ping_status":"open","template":"","meta":{"footnotes":""},"class_list":["post-3","page","type-page","status-publish","hentry"],"_links":{"self":[{"href":"https:\/\/starlingsbryghus.dk\/index.php\/wp-json\/wp\/v2\/pages\/3","targetHints":{"allow":["GET"]}}],"collection":[{"href":"https:\/\/starlingsbryghus.dk\/index.php\/wp-json\/wp\/v2\/pages"}],"about":[{"href":"https:\/\/starlingsbryghus.dk\/index.php\/wp-json\/wp\/v2\/types\/page"}],"author":[{"embeddable":true,"href":"https:\/\/starlingsbryghus.dk\/index.php\/wp-json\/wp\/v2\/users\/1"}],"replies":[{"embeddable":true,"href":"https:\/\/starlingsbryghus.dk\/index.php\/wp-json\/wp\/v2\/comments?post=3"}],"version-history":[{"count":1,"href":"https:\/\/starlingsbryghus.dk\/index.php\/wp-json\/wp\/v2\/pages\/3\/revisions"}],"predecessor-version":[{"id":89,"href":"https:\/\/starlingsbryghus.dk\/index.php\/wp-json\/wp\/v2\/pages\/3\/revisions\/89"}],"wp:attachment":[{"href":"https:\/\/starlingsbryghus.dk\/index.php\/wp-json\/wp\/v2\/media?parent=3"}],"curies":[{"name":"wp","href":"https:\/\/api.w.org\/{rel}","templated":true}]}}